{"id":1956,"date":"2026-03-12T20:40:38","date_gmt":"2026-03-12T20:40:38","guid":{"rendered":"https:\/\/semig.sipad.se\/?page_id=1956"},"modified":"2026-03-31T14:10:40","modified_gmt":"2026-03-31T14:10:40","slug":"vision-och-uppdrag","status":"publish","type":"page","link":"https:\/\/semig.sipad.se\/?page_id=1956","title":{"rendered":"Vision och Uppdrag"},"content":{"rendered":"<p>SE MIG till minne av Joline<br \/>\n         V\u00e5r Vision &amp; V\u00e5rt Uppdrag<br \/>\n         Vi v\u00e4grar acceptera att unga m\u00e4nniskor m\u00e5r s\u00e5 d\u00e5ligt att de inte ser n\u00e5gon a\u200bnnan utv\u00e4g \u00e4n att avsluta sina liv. V\u00e5r f\u00f6rening existerar f\u00f6r att f\u00f6r\u00e4ndra detta.<\/p>\n<p>                   V\u00e5r Vision<br \/>\n                   Nollvision Mot Suicid<\/p>\n<p>                   SE MIG grundades ur en bottenl\u00f6s sorg, till minne av Joline. Vi \u00e4r en ideell f\u00f6rening som brinner f\u00f6r att stoppa den eskalerande psykiska oh\u00e4lsan bland unga i Sverige.<br \/>\n                    V\u00e5r absolut starkaste vision \u00e4r en&nbsp;nollvision mot suicid bland barn och unga. Inget barn ska n\u00e5gonsin beh\u00f6va k\u00e4nna sig s\u00e5 ensamt, osedd eller sviken av vuxenv\u00e4rlden att livet inte l\u00e4ngre k\u00e4nns v\u00e4rt att levas. Varje ung m\u00e4nniska b\u00e4r p\u00e5 ett oskattbart v\u00e4rde, och det \u00e4r v\u00e5rt gemensamma samh\u00e4llsansvar att visa det \u2013 i tid.<\/p>\n<p>         V\u00e5rt Uppdrag<\/p>\n<p>                     1. Sprida Kunskap<\/p>\n<p>                     Vi utbildar vuxna, f\u00f6r\u00e4ldrar, skolpersonal och beslutsfattare om tecknen p\u00e5 psykisk oh\u00e4lsa. Vi ger samh\u00e4llet verktygen och modet att v\u00e5ga fr\u00e5ga &#8220;Hur m\u00e5r du egentligen?&#8221; och kunskapen om vad man g\u00f6r n\u00e4r svaret \u00e4r att de m\u00e5r d\u00e5ligt.<\/p>\n<p>                     2. Bryta Stigmat<br \/>\n                     Det m\u00e5ste vara lika naturligt att prata om \u00e5ngest och depression som om ett brutet ben. Genom v\u00e5ra digitala kanaler, v\u00e5r n\u00e4rvaro p\u00e5 Instagram och Facebook, och v\u00e5ra f\u00f6rel\u00e4sningar, river vi murarna och skammen som omger psykoterapi och mentalt m\u00e5ende.<\/p>\n<p>                     3. Ge Unga en R\u00f6st<br \/>\n                     Vi lyssnar p\u00e5 de unga. Deras upplevelser, krav och \u00e5sikter ska sitta i f\u00f6rars\u00e4tet n\u00e4r vi st\u00e4ller krav p\u00e5 v\u00e5rden och politikerna. Vi agerar megafon f\u00f6r de r\u00f6ster som annars drunknar i bruset.<\/p>\n<p>                     4. V\u00e4gleda till R\u00e4tt Hj\u00e4lp<br \/>\n                     Barn- och ungdomspsykiatrin (BUP) \u00e4r \u00f6verbelastad. Vi kartl\u00e4gger v\u00e4gar, hj\u00e4lper unga och deras n\u00e4rst\u00e5ende att hitta r\u00e4tt resurser i kriser, och fungerar som en l\u00e4nk till hj\u00e4lplinjer och samtalsst\u00f6d innan v\u00e4ntetiden blir ett livshot.<\/p>\n<p>         &#8220;F\u00f6r Joline. F\u00f6r varje ung m\u00e4nniska. Ingen ska beh\u00f6va k\u00e4nna sig osedd.&#8221;<\/p>\n","protected":false},"excerpt":{"rendered":"<p>SE MIG till minne av Joline V\u00e5r Vision &amp; V\u00e5rt Uppdrag Vi v\u00e4grar acceptera att unga m\u00e4nniskor m\u00e5r s\u00e5 d\u00e5ligt att de inte ser n\u00e5gon a\u200bnnan utv\u00e4g \u00e4n att avsluta sina liv. V\u00e5r f\u00f6rening existerar f\u00f6r att f\u00f6r\u00e4ndra detta. V\u00e5r Vision Nollvision Mot Suicid SE MIG grundades ur en bottenl\u00f6s sorg, till minne av Joline. [&hellip;]<\/p>\n","protected":false},"author":1,"featured_media":0,"parent":0,"menu_order":0,"comment_status":"closed","ping_status":"closed","template":"","meta":{"footnotes":""},"class_list":["post-1956","page","type-page","status-publish","hentry"],"_links":{"self":[{"href":"https:\/\/semig.sipad.se\/index.php?rest_route=\/wp\/v2\/pages\/1956","targetHints":{"allow":["GET"]}}],"collection":[{"href":"https:\/\/semig.sipad.se\/index.php?rest_route=\/wp\/v2\/pages"}],"about":[{"href":"https:\/\/semig.sipad.se\/index.php?rest_route=\/wp\/v2\/types\/page"}],"author":[{"embeddable":true,"href":"https:\/\/semig.sipad.se\/index.php?rest_route=\/wp\/v2\/users\/1"}],"replies":[{"embeddable":true,"href":"https:\/\/semig.sipad.se\/index.php?rest_route=%2Fwp%2Fv2%2Fcomments&post=1956"}],"version-history":[{"count":3,"href":"https:\/\/semig.sipad.se\/index.php?rest_route=\/wp\/v2\/pages\/1956\/revisions"}],"predecessor-version":[{"id":1967,"href":"https:\/\/semig.sipad.se\/index.php?rest_route=\/wp\/v2\/pages\/1956\/revisions\/1967"}],"wp:attachment":[{"href":"https:\/\/semig.sipad.se\/index.php?rest_route=%2Fwp%2Fv2%2Fmedia&parent=1956"}],"curies":[{"name":"wp","href":"https:\/\/api.w.org\/{rel}","templated":true}]}}