{"id":1960,"date":"2026-03-12T20:40:26","date_gmt":"2026-03-12T20:40:26","guid":{"rendered":"https:\/\/semig.sipad.se\/?page_id=1960"},"modified":"2026-03-31T14:10:12","modified_gmt":"2026-03-31T14:10:12","slug":"kontakta-oss","status":"publish","type":"page","link":"https:\/\/semig.sipad.se\/?page_id=1960","title":{"rendered":"Kontakta Oss"},"content":{"rendered":"<p>Vi \u00e4r h\u00e4r!<br \/>\n         Kontakta Oss<br \/>\n         Har du fr\u00e5gor, vill engagera dig eller bara veta mer om SE MIG? Vi vill g\u00e4rna h\u00f6ra fr\u00e5n dig.<\/p>\n<p>                           Skicka ett meddelande<br \/>\n                           Fyll i formul\u00e4ret s\u00e5 \u00e5terkommer vi inom kort. <\/p>\n<p>                            Namn<\/p>\n<p>                            Email<\/p>\n<p>                            Input<\/p>\n<p>                            Message<\/p>\n<p>                            skicka in<\/p>\n<p>                           Thank you! Your message has been sent.<br \/>\n                           Unable to send your message. Please fix errors then try again. <\/p>\n<p>                      &nbsp;\u200bhej@semig.nu<\/p>\n<p>                       Du kan kontakta oss oavsett om du \u00e4r ungdom, anh\u00f6rig, medlem, samarbetspartner eller nyfiken p\u00e5 att bli en del av v\u00e5rt arbete.<\/p>\n<p> Samarbeten &amp; sponsring<\/p>\n<p>                       \u00c4r du representant f\u00f6r en skola, kommun, organisation eller f\u00f6retag? Vi samarbetar g\u00e4rna i fr\u00e5gor som r\u00f6r ungas psykiska h\u00e4lsa.<\/p>\n<p>                       Engagera dig!<\/p>\n<p>                       Vill du bli medlem, volont\u00e4r eller bidra med din kompetens?<br \/>\n                      Bli medlem<\/p>\n","protected":false},"excerpt":{"rendered":"<p>Vi \u00e4r h\u00e4r! Kontakta Oss Har du fr\u00e5gor, vill engagera dig eller bara veta mer om SE MIG? Vi vill g\u00e4rna h\u00f6ra fr\u00e5n dig. Skicka ett meddelande Fyll i formul\u00e4ret s\u00e5 \u00e5terkommer vi inom kort. Namn Email Input Message skicka in Thank you! Your message has been sent. Unable to send your message. Please fix [&hellip;]<\/p>\n","protected":false},"author":1,"featured_media":0,"parent":0,"menu_order":0,"comment_status":"closed","ping_status":"closed","template":"","meta":{"footnotes":""},"class_list":["post-1960","page","type-page","status-publish","hentry"],"_links":{"self":[{"href":"https:\/\/semig.sipad.se\/index.php?rest_route=\/wp\/v2\/pages\/1960","targetHints":{"allow":["GET"]}}],"collection":[{"href":"https:\/\/semig.sipad.se\/index.php?rest_route=\/wp\/v2\/pages"}],"about":[{"href":"https:\/\/semig.sipad.se\/index.php?rest_route=\/wp\/v2\/types\/page"}],"author":[{"embeddable":true,"href":"https:\/\/semig.sipad.se\/index.php?rest_route=\/wp\/v2\/users\/1"}],"replies":[{"embeddable":true,"href":"https:\/\/semig.sipad.se\/index.php?rest_route=%2Fwp%2Fv2%2Fcomments&post=1960"}],"version-history":[{"count":6,"href":"https:\/\/semig.sipad.se\/index.php?rest_route=\/wp\/v2\/pages\/1960\/revisions"}],"predecessor-version":[{"id":1972,"href":"https:\/\/semig.sipad.se\/index.php?rest_route=\/wp\/v2\/pages\/1960\/revisions\/1972"}],"wp:attachment":[{"href":"https:\/\/semig.sipad.se\/index.php?rest_route=%2Fwp%2Fv2%2Fmedia&parent=1960"}],"curies":[{"name":"wp","href":"https:\/\/api.w.org\/{rel}","templated":true}]}}