{"id":2451,"date":"2026-03-31T14:27:10","date_gmt":"2026-03-31T14:27:10","guid":{"rendered":"https:\/\/semig.sipad.se\/?page_id=2451"},"modified":"2026-03-31T14:27:58","modified_gmt":"2026-03-31T14:27:58","slug":"styrelsen","status":"publish","type":"page","link":"https:\/\/semig.sipad.se\/?page_id=2451","title":{"rendered":"Styrelsen"},"content":{"rendered":"<p>Vilka vi \u00e4r<br \/>\n         M\u00f6t Styrelsen<br \/>\n         V\u00e5r styrelse best\u00e5r av engagerade m\u00e5ls\u00e4gare och eldsj\u00e4lar som arbetar ideellt f\u00f6r att f\u00f6rverkliga SE MIG:s vision \u2013 att ingen ung ska beh\u00f6va k\u00e4nna sig osedd. Tillsammans k\u00e4mpar vi, i Jolines minne, f\u00f6r nollvisionen.<\/p>\n","protected":false},"excerpt":{"rendered":"<p>Vilka vi \u00e4r M\u00f6t Styrelsen V\u00e5r styrelse best\u00e5r av engagerade m\u00e5ls\u00e4gare och eldsj\u00e4lar som arbetar ideellt f\u00f6r att f\u00f6rverkliga SE MIG:s vision \u2013 att ingen ung ska beh\u00f6va k\u00e4nna sig osedd. Tillsammans k\u00e4mpar vi, i Jolines minne, f\u00f6r nollvisionen.<\/p>\n","protected":false},"author":1,"featured_media":0,"parent":0,"menu_order":0,"comment_status":"closed","ping_status":"closed","template":"","meta":{"footnotes":""},"class_list":["post-2451","page","type-page","status-publish","hentry"],"_links":{"self":[{"href":"https:\/\/semig.sipad.se\/index.php?rest_route=\/wp\/v2\/pages\/2451","targetHints":{"allow":["GET"]}}],"collection":[{"href":"https:\/\/semig.sipad.se\/index.php?rest_route=\/wp\/v2\/pages"}],"about":[{"href":"https:\/\/semig.sipad.se\/index.php?rest_route=\/wp\/v2\/types\/page"}],"author":[{"embeddable":true,"href":"https:\/\/semig.sipad.se\/index.php?rest_route=\/wp\/v2\/users\/1"}],"replies":[{"embeddable":true,"href":"https:\/\/semig.sipad.se\/index.php?rest_route=%2Fwp%2Fv2%2Fcomments&post=2451"}],"version-history":[{"count":3,"href":"https:\/\/semig.sipad.se\/index.php?rest_route=\/wp\/v2\/pages\/2451\/revisions"}],"predecessor-version":[{"id":2454,"href":"https:\/\/semig.sipad.se\/index.php?rest_route=\/wp\/v2\/pages\/2451\/revisions\/2454"}],"wp:attachment":[{"href":"https:\/\/semig.sipad.se\/index.php?rest_route=%2Fwp%2Fv2%2Fmedia&parent=2451"}],"curies":[{"name":"wp","href":"https:\/\/api.w.org\/{rel}","templated":true}]}}